{"id":135,"date":"2021-11-25T10:53:43","date_gmt":"2021-11-25T09:53:43","guid":{"rendered":"http:\/\/gitelamaisonduventoux.fr\/?page_id=135"},"modified":"2021-11-26T16:59:23","modified_gmt":"2021-11-26T15:59:23","slug":"sports-dhiver","status":"publish","type":"page","link":"https:\/\/gitelamaisonduventoux.fr\/?page_id=135","title":{"rendered":"SPORTS D&rsquo;HIVER"},"content":{"rendered":"\n<p>J\u00e9r\u00f4me Loubier, moniteur de Ski National \u00e0 l&rsquo;ESF de Serre-Chevalier-Chantemerle, vous propose un accompagnement \u00e0 l&rsquo;organisation de votre s\u00e9jour. De la location de chalet, d&rsquo;appartement ou de studio \u00e0 celle du mat\u00e9riel, vous serez guid\u00e9 dans chacune des \u00e9tapes. <\/p>\n\n\n\n<p>Profitez \u00e9galement de l&rsquo;enseignement de J\u00e9r\u00f4me \u00e0 l&rsquo;\u00e9cole de ski avec des cours adapt\u00e9s de tout niveau en le\u00e7ons particuli\u00e8res. D\u00e9couvrez ou red\u00e9couvrez la joie de skier dans l&rsquo;une des plus belles stations des Alpes du Sud. <\/p>\n\n\n\n<figure class=\"wp-block-gallery columns-3 is-cropped wp-block-gallery-1 is-layout-flex wp-block-gallery-is-layout-flex\"><ul class=\"blocks-gallery-grid\"><li class=\"blocks-gallery-item\"><figure><img fetchpriority=\"high\" decoding=\"async\" width=\"768\" height=\"1024\" src=\"http:\/\/gitelamaisonduventoux.fr\/wp-content\/uploads\/2021\/11\/IMG_3342-768x1024.jpg\" alt=\"\" data-id=\"138\" data-full-url=\"http:\/\/gitelamaisonduventoux.fr\/wp-content\/uploads\/2021\/11\/IMG_3342-rotated.jpg\" data-link=\"http:\/\/gitelamaisonduventoux.fr\/?attachment_id=138\" class=\"wp-image-138\" srcset=\"https:\/\/gitelamaisonduventoux.fr\/wp-content\/uploads\/2021\/11\/IMG_3342-768x1024.jpg 768w, https:\/\/gitelamaisonduventoux.fr\/wp-content\/uploads\/2021\/11\/IMG_3342-225x300.jpg 225w, https:\/\/gitelamaisonduventoux.fr\/wp-content\/uploads\/2021\/11\/IMG_3342-1152x1536.jpg 1152w, https:\/\/gitelamaisonduventoux.fr\/wp-content\/uploads\/2021\/11\/IMG_3342-1140x1520.jpg 1140w, https:\/\/gitelamaisonduventoux.fr\/wp-content\/uploads\/2021\/11\/IMG_3342-rotated.jpg 1200w\" sizes=\"(max-width: 768px) 100vw, 768px\" \/><\/figure><\/li><li class=\"blocks-gallery-item\"><figure><img decoding=\"async\" width=\"1024\" height=\"768\" src=\"http:\/\/gitelamaisonduventoux.fr\/wp-content\/uploads\/2021\/11\/IMG_3635-1024x768.jpg\" alt=\"\" data-id=\"139\" data-full-url=\"http:\/\/gitelamaisonduventoux.fr\/wp-content\/uploads\/2021\/11\/IMG_3635-scaled.jpg\" data-link=\"http:\/\/gitelamaisonduventoux.fr\/?attachment_id=139\" class=\"wp-image-139\" srcset=\"https:\/\/gitelamaisonduventoux.fr\/wp-content\/uploads\/2021\/11\/IMG_3635-1024x768.jpg 1024w, https:\/\/gitelamaisonduventoux.fr\/wp-content\/uploads\/2021\/11\/IMG_3635-300x225.jpg 300w, https:\/\/gitelamaisonduventoux.fr\/wp-content\/uploads\/2021\/11\/IMG_3635-768x576.jpg 768w, https:\/\/gitelamaisonduventoux.fr\/wp-content\/uploads\/2021\/11\/IMG_3635-1536x1152.jpg 1536w, https:\/\/gitelamaisonduventoux.fr\/wp-content\/uploads\/2021\/11\/IMG_3635-2048x1536.jpg 2048w, https:\/\/gitelamaisonduventoux.fr\/wp-content\/uploads\/2021\/11\/IMG_3635-1140x855.jpg 1140w\" sizes=\"(max-width: 1024px) 100vw, 1024px\" \/><\/figure><\/li><li class=\"blocks-gallery-item\"><figure><img decoding=\"async\" width=\"1024\" height=\"768\" src=\"http:\/\/gitelamaisonduventoux.fr\/wp-content\/uploads\/2021\/11\/IMG_3774-1024x768.jpg\" alt=\"\" data-id=\"141\" data-full-url=\"http:\/\/gitelamaisonduventoux.fr\/wp-content\/uploads\/2021\/11\/IMG_3774-scaled.jpg\" data-link=\"http:\/\/gitelamaisonduventoux.fr\/?attachment_id=141\" class=\"wp-image-141\" srcset=\"https:\/\/gitelamaisonduventoux.fr\/wp-content\/uploads\/2021\/11\/IMG_3774-1024x768.jpg 1024w, https:\/\/gitelamaisonduventoux.fr\/wp-content\/uploads\/2021\/11\/IMG_3774-300x225.jpg 300w, https:\/\/gitelamaisonduventoux.fr\/wp-content\/uploads\/2021\/11\/IMG_3774-768x576.jpg 768w, https:\/\/gitelamaisonduventoux.fr\/wp-content\/uploads\/2021\/11\/IMG_3774-1536x1152.jpg 1536w, https:\/\/gitelamaisonduventoux.fr\/wp-content\/uploads\/2021\/11\/IMG_3774-2048x1536.jpg 2048w, https:\/\/gitelamaisonduventoux.fr\/wp-content\/uploads\/2021\/11\/IMG_3774-1140x855.jpg 1140w\" sizes=\"(max-width: 1024px) 100vw, 1024px\" \/><\/figure><\/li><li class=\"blocks-gallery-item\"><figure><img loading=\"lazy\" decoding=\"async\" width=\"1024\" height=\"768\" src=\"http:\/\/gitelamaisonduventoux.fr\/wp-content\/uploads\/2021\/11\/IMG_3778-1024x768.jpg\" alt=\"\" data-id=\"142\" data-full-url=\"http:\/\/gitelamaisonduventoux.fr\/wp-content\/uploads\/2021\/11\/IMG_3778-scaled.jpg\" data-link=\"http:\/\/gitelamaisonduventoux.fr\/?attachment_id=142\" class=\"wp-image-142\" srcset=\"https:\/\/gitelamaisonduventoux.fr\/wp-content\/uploads\/2021\/11\/IMG_3778-1024x768.jpg 1024w, https:\/\/gitelamaisonduventoux.fr\/wp-content\/uploads\/2021\/11\/IMG_3778-300x225.jpg 300w, https:\/\/gitelamaisonduventoux.fr\/wp-content\/uploads\/2021\/11\/IMG_3778-768x576.jpg 768w, https:\/\/gitelamaisonduventoux.fr\/wp-content\/uploads\/2021\/11\/IMG_3778-1536x1152.jpg 1536w, https:\/\/gitelamaisonduventoux.fr\/wp-content\/uploads\/2021\/11\/IMG_3778-2048x1536.jpg 2048w, https:\/\/gitelamaisonduventoux.fr\/wp-content\/uploads\/2021\/11\/IMG_3778-1140x855.jpg 1140w\" sizes=\"(max-width: 1024px) 100vw, 1024px\" \/><\/figure><\/li><li class=\"blocks-gallery-item\"><figure><img loading=\"lazy\" decoding=\"async\" width=\"1024\" height=\"768\" src=\"http:\/\/gitelamaisonduventoux.fr\/wp-content\/uploads\/2021\/11\/IMG_3787-1024x768.jpg\" alt=\"\" data-id=\"143\" data-full-url=\"http:\/\/gitelamaisonduventoux.fr\/wp-content\/uploads\/2021\/11\/IMG_3787-scaled.jpg\" data-link=\"http:\/\/gitelamaisonduventoux.fr\/?attachment_id=143\" class=\"wp-image-143\" srcset=\"https:\/\/gitelamaisonduventoux.fr\/wp-content\/uploads\/2021\/11\/IMG_3787-1024x768.jpg 1024w, https:\/\/gitelamaisonduventoux.fr\/wp-content\/uploads\/2021\/11\/IMG_3787-300x225.jpg 300w, https:\/\/gitelamaisonduventoux.fr\/wp-content\/uploads\/2021\/11\/IMG_3787-768x576.jpg 768w, https:\/\/gitelamaisonduventoux.fr\/wp-content\/uploads\/2021\/11\/IMG_3787-1536x1152.jpg 1536w, https:\/\/gitelamaisonduventoux.fr\/wp-content\/uploads\/2021\/11\/IMG_3787-2048x1536.jpg 2048w, https:\/\/gitelamaisonduventoux.fr\/wp-content\/uploads\/2021\/11\/IMG_3787-1140x855.jpg 1140w\" sizes=\"(max-width: 1024px) 100vw, 1024px\" \/><\/figure><\/li><li class=\"blocks-gallery-item\"><figure><img loading=\"lazy\" decoding=\"async\" width=\"1024\" height=\"768\" src=\"http:\/\/gitelamaisonduventoux.fr\/wp-content\/uploads\/2021\/11\/IMG_3975-1024x768.jpg\" alt=\"\" data-id=\"145\" data-full-url=\"http:\/\/gitelamaisonduventoux.fr\/wp-content\/uploads\/2021\/11\/IMG_3975-scaled.jpg\" data-link=\"http:\/\/gitelamaisonduventoux.fr\/?attachment_id=145\" class=\"wp-image-145\" srcset=\"https:\/\/gitelamaisonduventoux.fr\/wp-content\/uploads\/2021\/11\/IMG_3975-1024x768.jpg 1024w, https:\/\/gitelamaisonduventoux.fr\/wp-content\/uploads\/2021\/11\/IMG_3975-300x225.jpg 300w, https:\/\/gitelamaisonduventoux.fr\/wp-content\/uploads\/2021\/11\/IMG_3975-768x576.jpg 768w, https:\/\/gitelamaisonduventoux.fr\/wp-content\/uploads\/2021\/11\/IMG_3975-1536x1152.jpg 1536w, https:\/\/gitelamaisonduventoux.fr\/wp-content\/uploads\/2021\/11\/IMG_3975-2048x1536.jpg 2048w, https:\/\/gitelamaisonduventoux.fr\/wp-content\/uploads\/2021\/11\/IMG_3975-1140x855.jpg 1140w\" sizes=\"(max-width: 1024px) 100vw, 1024px\" \/><\/figure><\/li><li class=\"blocks-gallery-item\"><figure><img loading=\"lazy\" decoding=\"async\" width=\"1024\" height=\"768\" src=\"http:\/\/gitelamaisonduventoux.fr\/wp-content\/uploads\/2021\/11\/IMG_4043-1024x768.jpg\" alt=\"\" data-id=\"146\" data-full-url=\"http:\/\/gitelamaisonduventoux.fr\/wp-content\/uploads\/2021\/11\/IMG_4043-scaled.jpg\" data-link=\"http:\/\/gitelamaisonduventoux.fr\/?attachment_id=146\" class=\"wp-image-146\" srcset=\"https:\/\/gitelamaisonduventoux.fr\/wp-content\/uploads\/2021\/11\/IMG_4043-1024x768.jpg 1024w, https:\/\/gitelamaisonduventoux.fr\/wp-content\/uploads\/2021\/11\/IMG_4043-300x225.jpg 300w, https:\/\/gitelamaisonduventoux.fr\/wp-content\/uploads\/2021\/11\/IMG_4043-768x576.jpg 768w, https:\/\/gitelamaisonduventoux.fr\/wp-content\/uploads\/2021\/11\/IMG_4043-1536x1152.jpg 1536w, https:\/\/gitelamaisonduventoux.fr\/wp-content\/uploads\/2021\/11\/IMG_4043-2048x1536.jpg 2048w, https:\/\/gitelamaisonduventoux.fr\/wp-content\/uploads\/2021\/11\/IMG_4043-1140x855.jpg 1140w\" sizes=\"(max-width: 1024px) 100vw, 1024px\" \/><\/figure><\/li><li class=\"blocks-gallery-item\"><figure><img loading=\"lazy\" decoding=\"async\" width=\"1024\" height=\"768\" src=\"http:\/\/gitelamaisonduventoux.fr\/wp-content\/uploads\/2021\/11\/IMG_4105-1024x768.jpg\" alt=\"\" data-id=\"148\" data-full-url=\"http:\/\/gitelamaisonduventoux.fr\/wp-content\/uploads\/2021\/11\/IMG_4105-rotated.jpg\" data-link=\"http:\/\/gitelamaisonduventoux.fr\/?attachment_id=148\" class=\"wp-image-148\" srcset=\"https:\/\/gitelamaisonduventoux.fr\/wp-content\/uploads\/2021\/11\/IMG_4105-1024x768.jpg 1024w, https:\/\/gitelamaisonduventoux.fr\/wp-content\/uploads\/2021\/11\/IMG_4105-300x225.jpg 300w, https:\/\/gitelamaisonduventoux.fr\/wp-content\/uploads\/2021\/11\/IMG_4105-768x576.jpg 768w, https:\/\/gitelamaisonduventoux.fr\/wp-content\/uploads\/2021\/11\/IMG_4105-1140x855.jpg 1140w, https:\/\/gitelamaisonduventoux.fr\/wp-content\/uploads\/2021\/11\/IMG_4105-rotated.jpg 1280w\" sizes=\"(max-width: 1024px) 100vw, 1024px\" \/><\/figure><\/li><li class=\"blocks-gallery-item\"><figure><img loading=\"lazy\" decoding=\"async\" width=\"1024\" height=\"768\" src=\"http:\/\/gitelamaisonduventoux.fr\/wp-content\/uploads\/2021\/11\/IMG_5250-1024x768.jpg\" alt=\"\" data-id=\"150\" data-full-url=\"http:\/\/gitelamaisonduventoux.fr\/wp-content\/uploads\/2021\/11\/IMG_5250-scaled.jpg\" data-link=\"http:\/\/gitelamaisonduventoux.fr\/?attachment_id=150\" class=\"wp-image-150\" srcset=\"https:\/\/gitelamaisonduventoux.fr\/wp-content\/uploads\/2021\/11\/IMG_5250-1024x768.jpg 1024w, https:\/\/gitelamaisonduventoux.fr\/wp-content\/uploads\/2021\/11\/IMG_5250-300x225.jpg 300w, https:\/\/gitelamaisonduventoux.fr\/wp-content\/uploads\/2021\/11\/IMG_5250-768x576.jpg 768w, https:\/\/gitelamaisonduventoux.fr\/wp-content\/uploads\/2021\/11\/IMG_5250-1536x1152.jpg 1536w, https:\/\/gitelamaisonduventoux.fr\/wp-content\/uploads\/2021\/11\/IMG_5250-2048x1536.jpg 2048w, https:\/\/gitelamaisonduventoux.fr\/wp-content\/uploads\/2021\/11\/IMG_5250-1140x855.jpg 1140w\" sizes=\"(max-width: 1024px) 100vw, 1024px\" \/><\/figure><\/li><li class=\"blocks-gallery-item\"><figure><img loading=\"lazy\" decoding=\"async\" width=\"1024\" height=\"768\" src=\"http:\/\/gitelamaisonduventoux.fr\/wp-content\/uploads\/2021\/11\/IMG_5327-1-1024x768.jpg\" alt=\"\" data-id=\"151\" data-full-url=\"http:\/\/gitelamaisonduventoux.fr\/wp-content\/uploads\/2021\/11\/IMG_5327-1.jpg\" data-link=\"http:\/\/gitelamaisonduventoux.fr\/?attachment_id=151\" class=\"wp-image-151\" srcset=\"https:\/\/gitelamaisonduventoux.fr\/wp-content\/uploads\/2021\/11\/IMG_5327-1-1024x768.jpg 1024w, https:\/\/gitelamaisonduventoux.fr\/wp-content\/uploads\/2021\/11\/IMG_5327-1-300x225.jpg 300w, https:\/\/gitelamaisonduventoux.fr\/wp-content\/uploads\/2021\/11\/IMG_5327-1-768x576.jpg 768w, https:\/\/gitelamaisonduventoux.fr\/wp-content\/uploads\/2021\/11\/IMG_5327-1-1140x855.jpg 1140w, https:\/\/gitelamaisonduventoux.fr\/wp-content\/uploads\/2021\/11\/IMG_5327-1.jpg 1440w\" sizes=\"(max-width: 1024px) 100vw, 1024px\" \/><\/figure><\/li><li class=\"blocks-gallery-item\"><figure><img loading=\"lazy\" decoding=\"async\" width=\"768\" height=\"1024\" src=\"http:\/\/gitelamaisonduventoux.fr\/wp-content\/uploads\/2021\/11\/IMG_5328-768x1024.jpg\" alt=\"\" data-id=\"152\" data-full-url=\"http:\/\/gitelamaisonduventoux.fr\/wp-content\/uploads\/2021\/11\/IMG_5328-scaled.jpg\" data-link=\"http:\/\/gitelamaisonduventoux.fr\/?attachment_id=152\" class=\"wp-image-152\" srcset=\"https:\/\/gitelamaisonduventoux.fr\/wp-content\/uploads\/2021\/11\/IMG_5328-768x1024.jpg 768w, https:\/\/gitelamaisonduventoux.fr\/wp-content\/uploads\/2021\/11\/IMG_5328-225x300.jpg 225w, https:\/\/gitelamaisonduventoux.fr\/wp-content\/uploads\/2021\/11\/IMG_5328-1152x1536.jpg 1152w, https:\/\/gitelamaisonduventoux.fr\/wp-content\/uploads\/2021\/11\/IMG_5328-1536x2048.jpg 1536w, https:\/\/gitelamaisonduventoux.fr\/wp-content\/uploads\/2021\/11\/IMG_5328-1140x1520.jpg 1140w, https:\/\/gitelamaisonduventoux.fr\/wp-content\/uploads\/2021\/11\/IMG_5328-scaled.jpg 1920w\" sizes=\"(max-width: 768px) 100vw, 768px\" \/><\/figure><\/li><li class=\"blocks-gallery-item\"><figure><img loading=\"lazy\" decoding=\"async\" width=\"1024\" height=\"768\" src=\"http:\/\/gitelamaisonduventoux.fr\/wp-content\/uploads\/2021\/11\/IMG_5360-1024x768.jpg\" alt=\"\" data-id=\"153\" data-full-url=\"http:\/\/gitelamaisonduventoux.fr\/wp-content\/uploads\/2021\/11\/IMG_5360-scaled.jpg\" data-link=\"http:\/\/gitelamaisonduventoux.fr\/?attachment_id=153\" class=\"wp-image-153\" srcset=\"https:\/\/gitelamaisonduventoux.fr\/wp-content\/uploads\/2021\/11\/IMG_5360-1024x768.jpg 1024w, https:\/\/gitelamaisonduventoux.fr\/wp-content\/uploads\/2021\/11\/IMG_5360-300x225.jpg 300w, https:\/\/gitelamaisonduventoux.fr\/wp-content\/uploads\/2021\/11\/IMG_5360-768x576.jpg 768w, https:\/\/gitelamaisonduventoux.fr\/wp-content\/uploads\/2021\/11\/IMG_5360-1536x1152.jpg 1536w, https:\/\/gitelamaisonduventoux.fr\/wp-content\/uploads\/2021\/11\/IMG_5360-2048x1536.jpg 2048w, https:\/\/gitelamaisonduventoux.fr\/wp-content\/uploads\/2021\/11\/IMG_5360-1140x855.jpg 1140w\" sizes=\"(max-width: 1024px) 100vw, 1024px\" \/><\/figure><\/li><li class=\"blocks-gallery-item\"><figure><img loading=\"lazy\" decoding=\"async\" width=\"1024\" height=\"768\" src=\"http:\/\/gitelamaisonduventoux.fr\/wp-content\/uploads\/2021\/11\/IMG_5379-1024x768.jpg\" alt=\"\" data-id=\"154\" data-full-url=\"http:\/\/gitelamaisonduventoux.fr\/wp-content\/uploads\/2021\/11\/IMG_5379.jpg\" data-link=\"http:\/\/gitelamaisonduventoux.fr\/?attachment_id=154\" class=\"wp-image-154\" srcset=\"https:\/\/gitelamaisonduventoux.fr\/wp-content\/uploads\/2021\/11\/IMG_5379-1024x768.jpg 1024w, https:\/\/gitelamaisonduventoux.fr\/wp-content\/uploads\/2021\/11\/IMG_5379-300x225.jpg 300w, https:\/\/gitelamaisonduventoux.fr\/wp-content\/uploads\/2021\/11\/IMG_5379-768x576.jpg 768w, https:\/\/gitelamaisonduventoux.fr\/wp-content\/uploads\/2021\/11\/IMG_5379-1140x855.jpg 1140w, https:\/\/gitelamaisonduventoux.fr\/wp-content\/uploads\/2021\/11\/IMG_5379.jpg 1440w\" sizes=\"(max-width: 1024px) 100vw, 1024px\" \/><\/figure><\/li><li class=\"blocks-gallery-item\"><figure><img loading=\"lazy\" decoding=\"async\" width=\"1024\" height=\"768\" src=\"http:\/\/gitelamaisonduventoux.fr\/wp-content\/uploads\/2021\/11\/IMG_6031-1024x768.jpg\" alt=\"\" data-id=\"155\" data-full-url=\"http:\/\/gitelamaisonduventoux.fr\/wp-content\/uploads\/2021\/11\/IMG_6031-rotated.jpg\" data-link=\"http:\/\/gitelamaisonduventoux.fr\/?attachment_id=155\" class=\"wp-image-155\" srcset=\"https:\/\/gitelamaisonduventoux.fr\/wp-content\/uploads\/2021\/11\/IMG_6031-1024x768.jpg 1024w, https:\/\/gitelamaisonduventoux.fr\/wp-content\/uploads\/2021\/11\/IMG_6031-300x225.jpg 300w, https:\/\/gitelamaisonduventoux.fr\/wp-content\/uploads\/2021\/11\/IMG_6031-768x576.jpg 768w, https:\/\/gitelamaisonduventoux.fr\/wp-content\/uploads\/2021\/11\/IMG_6031-1140x855.jpg 1140w, https:\/\/gitelamaisonduventoux.fr\/wp-content\/uploads\/2021\/11\/IMG_6031-rotated.jpg 1280w\" sizes=\"(max-width: 1024px) 100vw, 1024px\" \/><\/figure><\/li><\/ul><\/figure>\n","protected":false},"excerpt":{"rendered":"<p>J\u00e9r\u00f4me Loubier, moniteur de Ski National \u00e0 l&rsquo;ESF de Serre-Chevalier-Chantemerle, vous propose un accompagnement \u00e0 l&rsquo;organisation de votre s\u00e9jour. De la location de chalet, d&rsquo;appartement ou de studio \u00e0 celle du mat\u00e9riel, vous serez guid\u00e9 dans chacune des \u00e9tapes. Profitez \u00e9galement de l&rsquo;enseignement de J\u00e9r\u00f4me \u00e0 l&rsquo;\u00e9cole de ski avec des cours adapt\u00e9s de tout niveau en le\u00e7ons particuli\u00e8res. D\u00e9couvrez ou red\u00e9couvrez la joie de skier dans l&rsquo;une des plus belles stations des Alpes du Sud.<\/p>\n","protected":false},"author":1,"featured_media":0,"parent":0,"menu_order":0,"comment_status":"closed","ping_status":"closed","template":"","meta":{"footnotes":""},"class_list":["post-135","page","type-page","status-publish","hentry"],"_links":{"self":[{"href":"https:\/\/gitelamaisonduventoux.fr\/index.php?rest_route=\/wp\/v2\/pages\/135","targetHints":{"allow":["GET"]}}],"collection":[{"href":"https:\/\/gitelamaisonduventoux.fr\/index.php?rest_route=\/wp\/v2\/pages"}],"about":[{"href":"https:\/\/gitelamaisonduventoux.fr\/index.php?rest_route=\/wp\/v2\/types\/page"}],"author":[{"embeddable":true,"href":"https:\/\/gitelamaisonduventoux.fr\/index.php?rest_route=\/wp\/v2\/users\/1"}],"replies":[{"embeddable":true,"href":"https:\/\/gitelamaisonduventoux.fr\/index.php?rest_route=%2Fwp%2Fv2%2Fcomments&post=135"}],"version-history":[{"count":2,"href":"https:\/\/gitelamaisonduventoux.fr\/index.php?rest_route=\/wp\/v2\/pages\/135\/revisions"}],"predecessor-version":[{"id":179,"href":"https:\/\/gitelamaisonduventoux.fr\/index.php?rest_route=\/wp\/v2\/pages\/135\/revisions\/179"}],"wp:attachment":[{"href":"https:\/\/gitelamaisonduventoux.fr\/index.php?rest_route=%2Fwp%2Fv2%2Fmedia&parent=135"}],"curies":[{"name":"wp","href":"https:\/\/api.w.org\/{rel}","templated":true}]}}