{"id":78,"date":"2021-11-22T12:12:33","date_gmt":"2021-11-22T11:12:33","guid":{"rendered":"https:\/\/gitelamaisonduventoux.fr\/?page_id=78"},"modified":"2025-10-12T13:48:14","modified_gmt":"2025-10-12T11:48:14","slug":"prestations","status":"publish","type":"page","link":"https:\/\/gitelamaisonduventoux.fr\/?page_id=78","title":{"rendered":"PRESTATIONS"},"content":{"rendered":"\n<div class=\"wp-block-columns is-layout-flex wp-container-core-columns-is-layout-9d6595d7 wp-block-columns-is-layout-flex\">\n<div class=\"wp-block-column is-layout-flow wp-block-column-is-layout-flow\" style=\"flex-basis:100%\">\n<p>Notre mas proven\u00e7al est id\u00e9alement situ\u00e9 au pied du Ventoux (30 minutes). Un grand jardin privatif avec sa piscine, son boulodrome, sa cuisine d&rsquo;\u00e9t\u00e9 et son mini golf vous attendent :<\/p>\n\n\n\n<figure class=\"wp-block-gallery has-nested-images columns-default is-cropped wp-block-gallery-1 is-layout-flex wp-block-gallery-is-layout-flex\">\n<figure class=\"wp-block-image size-large\"><img fetchpriority=\"high\" decoding=\"async\" width=\"1024\" height=\"683\" data-id=\"67\" src=\"https:\/\/gitelamaisonduventoux.fr\/wp-content\/uploads\/2021\/11\/826439c4-d2b0-4399-89c2-bd3cf60a3cfa-1024x683.jpg\" alt=\"\" class=\"wp-image-67\" srcset=\"https:\/\/gitelamaisonduventoux.fr\/wp-content\/uploads\/2021\/11\/826439c4-d2b0-4399-89c2-bd3cf60a3cfa-1024x683.jpg 1024w, https:\/\/gitelamaisonduventoux.fr\/wp-content\/uploads\/2021\/11\/826439c4-d2b0-4399-89c2-bd3cf60a3cfa-300x200.jpg 300w, https:\/\/gitelamaisonduventoux.fr\/wp-content\/uploads\/2021\/11\/826439c4-d2b0-4399-89c2-bd3cf60a3cfa-768x512.jpg 768w, https:\/\/gitelamaisonduventoux.fr\/wp-content\/uploads\/2021\/11\/826439c4-d2b0-4399-89c2-bd3cf60a3cfa-1140x760.jpg 1140w, https:\/\/gitelamaisonduventoux.fr\/wp-content\/uploads\/2021\/11\/826439c4-d2b0-4399-89c2-bd3cf60a3cfa.jpg 1200w\" sizes=\"(max-width: 1024px) 100vw, 1024px\" \/><\/figure>\n\n\n\n<figure class=\"wp-block-image size-large\"><img decoding=\"async\" width=\"720\" height=\"540\" data-id=\"71\" src=\"https:\/\/gitelamaisonduventoux.fr\/wp-content\/uploads\/2021\/11\/d41414fa-fe1f-4692-9e09-8e6b94588842.jpeg\" alt=\"\" class=\"wp-image-71\" srcset=\"https:\/\/gitelamaisonduventoux.fr\/wp-content\/uploads\/2021\/11\/d41414fa-fe1f-4692-9e09-8e6b94588842.jpeg 720w, https:\/\/gitelamaisonduventoux.fr\/wp-content\/uploads\/2021\/11\/d41414fa-fe1f-4692-9e09-8e6b94588842-300x225.jpeg 300w\" sizes=\"(max-width: 720px) 100vw, 720px\" \/><\/figure>\n\n\n\n<figure class=\"wp-block-image size-large\"><img decoding=\"async\" width=\"1024\" height=\"768\" data-id=\"113\" src=\"https:\/\/gitelamaisonduventoux.fr\/wp-content\/uploads\/2021\/11\/A971D11B-A717-4348-A23B-3B66CE3C5BD3_1_105_c.jpeg\" alt=\"\" class=\"wp-image-113\" srcset=\"https:\/\/gitelamaisonduventoux.fr\/wp-content\/uploads\/2021\/11\/A971D11B-A717-4348-A23B-3B66CE3C5BD3_1_105_c.jpeg 1024w, https:\/\/gitelamaisonduventoux.fr\/wp-content\/uploads\/2021\/11\/A971D11B-A717-4348-A23B-3B66CE3C5BD3_1_105_c-300x225.jpeg 300w, https:\/\/gitelamaisonduventoux.fr\/wp-content\/uploads\/2021\/11\/A971D11B-A717-4348-A23B-3B66CE3C5BD3_1_105_c-768x576.jpeg 768w\" sizes=\"(max-width: 1024px) 100vw, 1024px\" \/><\/figure>\n\n\n\n<figure class=\"wp-block-image size-large\"><img loading=\"lazy\" decoding=\"async\" width=\"720\" height=\"540\" data-id=\"73\" src=\"https:\/\/gitelamaisonduventoux.fr\/wp-content\/uploads\/2021\/11\/54f951db-981c-4eaa-8e4e-01697279b9c6.jpeg\" alt=\"\" class=\"wp-image-73\" srcset=\"https:\/\/gitelamaisonduventoux.fr\/wp-content\/uploads\/2021\/11\/54f951db-981c-4eaa-8e4e-01697279b9c6.jpeg 720w, https:\/\/gitelamaisonduventoux.fr\/wp-content\/uploads\/2021\/11\/54f951db-981c-4eaa-8e4e-01697279b9c6-300x225.jpeg 300w\" sizes=\"(max-width: 720px) 100vw, 720px\" \/><\/figure>\n\n\n\n<figure class=\"wp-block-image size-large\"><img loading=\"lazy\" decoding=\"async\" width=\"720\" height=\"480\" data-id=\"46\" src=\"https:\/\/gitelamaisonduventoux.fr\/wp-content\/uploads\/2021\/11\/02759062-9b6e-47b8-8861-ad5339ca6a67.jpg\" alt=\"\" class=\"wp-image-46\" srcset=\"https:\/\/gitelamaisonduventoux.fr\/wp-content\/uploads\/2021\/11\/02759062-9b6e-47b8-8861-ad5339ca6a67.jpg 720w, https:\/\/gitelamaisonduventoux.fr\/wp-content\/uploads\/2021\/11\/02759062-9b6e-47b8-8861-ad5339ca6a67-300x200.jpg 300w\" sizes=\"(max-width: 720px) 100vw, 720px\" \/><\/figure>\n\n\n\n<figure class=\"wp-block-image size-large\"><img loading=\"lazy\" decoding=\"async\" width=\"1024\" height=\"768\" data-id=\"119\" src=\"https:\/\/gitelamaisonduventoux.fr\/wp-content\/uploads\/2021\/11\/21651B4F-7562-4D0F-A9CF-8F48D4C2A76F_1_105_c.jpeg\" alt=\"\" class=\"wp-image-119\" srcset=\"https:\/\/gitelamaisonduventoux.fr\/wp-content\/uploads\/2021\/11\/21651B4F-7562-4D0F-A9CF-8F48D4C2A76F_1_105_c.jpeg 1024w, https:\/\/gitelamaisonduventoux.fr\/wp-content\/uploads\/2021\/11\/21651B4F-7562-4D0F-A9CF-8F48D4C2A76F_1_105_c-300x225.jpeg 300w, https:\/\/gitelamaisonduventoux.fr\/wp-content\/uploads\/2021\/11\/21651B4F-7562-4D0F-A9CF-8F48D4C2A76F_1_105_c-768x576.jpeg 768w\" sizes=\"(max-width: 1024px) 100vw, 1024px\" \/><\/figure>\n\n\n\n<figure class=\"wp-block-image size-large\"><img loading=\"lazy\" decoding=\"async\" width=\"1024\" height=\"768\" data-id=\"120\" src=\"https:\/\/gitelamaisonduventoux.fr\/wp-content\/uploads\/2021\/11\/C62767DA-1C5B-4B17-8380-44825EE214D0_1_105_c.jpeg\" alt=\"\" class=\"wp-image-120\" srcset=\"https:\/\/gitelamaisonduventoux.fr\/wp-content\/uploads\/2021\/11\/C62767DA-1C5B-4B17-8380-44825EE214D0_1_105_c.jpeg 1024w, https:\/\/gitelamaisonduventoux.fr\/wp-content\/uploads\/2021\/11\/C62767DA-1C5B-4B17-8380-44825EE214D0_1_105_c-300x225.jpeg 300w, https:\/\/gitelamaisonduventoux.fr\/wp-content\/uploads\/2021\/11\/C62767DA-1C5B-4B17-8380-44825EE214D0_1_105_c-768x576.jpeg 768w\" sizes=\"(max-width: 1024px) 100vw, 1024px\" \/><\/figure>\n\n\n\n<figure class=\"wp-block-image size-large\"><img loading=\"lazy\" decoding=\"async\" width=\"1024\" height=\"683\" data-id=\"50\" src=\"https:\/\/gitelamaisonduventoux.fr\/wp-content\/uploads\/2021\/11\/ad7615b8-e7b5-4857-97ce-01328f092a03-1024x683.jpeg\" alt=\"\" class=\"wp-image-50\" srcset=\"https:\/\/gitelamaisonduventoux.fr\/wp-content\/uploads\/2021\/11\/ad7615b8-e7b5-4857-97ce-01328f092a03-1024x683.jpeg 1024w, https:\/\/gitelamaisonduventoux.fr\/wp-content\/uploads\/2021\/11\/ad7615b8-e7b5-4857-97ce-01328f092a03-300x200.jpeg 300w, https:\/\/gitelamaisonduventoux.fr\/wp-content\/uploads\/2021\/11\/ad7615b8-e7b5-4857-97ce-01328f092a03-768x512.jpeg 768w, https:\/\/gitelamaisonduventoux.fr\/wp-content\/uploads\/2021\/11\/ad7615b8-e7b5-4857-97ce-01328f092a03-1140x760.jpeg 1140w, https:\/\/gitelamaisonduventoux.fr\/wp-content\/uploads\/2021\/11\/ad7615b8-e7b5-4857-97ce-01328f092a03.jpeg 1200w\" sizes=\"(max-width: 1024px) 100vw, 1024px\" \/><\/figure>\n\n\n\n<figure class=\"wp-block-image size-large\"><img loading=\"lazy\" decoding=\"async\" width=\"1024\" height=\"768\" data-id=\"122\" src=\"https:\/\/gitelamaisonduventoux.fr\/wp-content\/uploads\/2021\/11\/76CEF751-1B2D-4F80-BD10-5B9FA7C4226C_1_105_c.jpeg\" alt=\"\" class=\"wp-image-122\" srcset=\"https:\/\/gitelamaisonduventoux.fr\/wp-content\/uploads\/2021\/11\/76CEF751-1B2D-4F80-BD10-5B9FA7C4226C_1_105_c.jpeg 1024w, https:\/\/gitelamaisonduventoux.fr\/wp-content\/uploads\/2021\/11\/76CEF751-1B2D-4F80-BD10-5B9FA7C4226C_1_105_c-300x225.jpeg 300w, https:\/\/gitelamaisonduventoux.fr\/wp-content\/uploads\/2021\/11\/76CEF751-1B2D-4F80-BD10-5B9FA7C4226C_1_105_c-768x576.jpeg 768w\" sizes=\"(max-width: 1024px) 100vw, 1024px\" \/><\/figure>\n<\/figure>\n\n\n\n<p>La maison peut accueillir jusqu&rsquo;\u00e0 quinze personnes, offrant cinq chambres et quatre salles d&rsquo;eau :<\/p>\n\n\n\n<p>Chambre n\u00b01 : trois lits simples 90*190cm (salle d&rsquo;eau avec wc commune \u00e0 la chambre n\u00b02)<\/p>\n\n\n\n<p>Chambre n\u00b02 : trois lits simples 90*190cm (salle d&rsquo;eau avec wc commune \u00e0 la chambre n\u00b01)<\/p>\n\n\n\n<p>Chambre n\u00b03 : un lit double 140*190cm et un lit simple 90*190cm (salle d&rsquo;eau avec wc attenante)<\/p>\n\n\n\n<p>Chambre n\u00b04 : trois lits simples 90*190cm (salle d&rsquo;eau avec wc attenante)<\/p>\n\n\n\n<p>Chambre n\u00b05 : un lit double 140*190cm ( salle d&rsquo;eau avec wc attenante)<\/p>\n\n\n\n<p>Pi\u00e8ce \u00e0 vivre : un convertible 140*190cm (salle d&rsquo;eau avec wc commune \u00e0 la chambre n\u00b05)<\/p>\n\n\n\n<figure class=\"wp-block-gallery has-nested-images columns-default is-cropped wp-block-gallery-2 is-layout-flex wp-block-gallery-is-layout-flex\">\n<figure class=\"wp-block-image size-large\"><img loading=\"lazy\" decoding=\"async\" width=\"1024\" height=\"768\" data-id=\"123\" src=\"https:\/\/gitelamaisonduventoux.fr\/wp-content\/uploads\/2021\/11\/37EBE6DC-69E7-43BA-9572-439A008154B3_1_105_c.jpeg\" alt=\"\" class=\"wp-image-123\" srcset=\"https:\/\/gitelamaisonduventoux.fr\/wp-content\/uploads\/2021\/11\/37EBE6DC-69E7-43BA-9572-439A008154B3_1_105_c.jpeg 1024w, https:\/\/gitelamaisonduventoux.fr\/wp-content\/uploads\/2021\/11\/37EBE6DC-69E7-43BA-9572-439A008154B3_1_105_c-300x225.jpeg 300w, https:\/\/gitelamaisonduventoux.fr\/wp-content\/uploads\/2021\/11\/37EBE6DC-69E7-43BA-9572-439A008154B3_1_105_c-768x576.jpeg 768w\" sizes=\"(max-width: 1024px) 100vw, 1024px\" \/><\/figure>\n\n\n\n<figure class=\"wp-block-image size-large\"><img loading=\"lazy\" decoding=\"async\" width=\"1024\" height=\"683\" data-id=\"55\" src=\"https:\/\/gitelamaisonduventoux.fr\/wp-content\/uploads\/2021\/11\/ae33240b-cfa4-4e3c-8252-a8f2a1487e0d-1024x683.jpeg\" alt=\"\" class=\"wp-image-55\" srcset=\"https:\/\/gitelamaisonduventoux.fr\/wp-content\/uploads\/2021\/11\/ae33240b-cfa4-4e3c-8252-a8f2a1487e0d-1024x683.jpeg 1024w, https:\/\/gitelamaisonduventoux.fr\/wp-content\/uploads\/2021\/11\/ae33240b-cfa4-4e3c-8252-a8f2a1487e0d-300x200.jpeg 300w, https:\/\/gitelamaisonduventoux.fr\/wp-content\/uploads\/2021\/11\/ae33240b-cfa4-4e3c-8252-a8f2a1487e0d-768x512.jpeg 768w, https:\/\/gitelamaisonduventoux.fr\/wp-content\/uploads\/2021\/11\/ae33240b-cfa4-4e3c-8252-a8f2a1487e0d-1140x760.jpeg 1140w, https:\/\/gitelamaisonduventoux.fr\/wp-content\/uploads\/2021\/11\/ae33240b-cfa4-4e3c-8252-a8f2a1487e0d.jpeg 1200w\" sizes=\"(max-width: 1024px) 100vw, 1024px\" \/><\/figure>\n\n\n\n<figure class=\"wp-block-image size-large\"><img loading=\"lazy\" decoding=\"async\" width=\"1024\" height=\"768\" data-id=\"54\" src=\"https:\/\/gitelamaisonduventoux.fr\/wp-content\/uploads\/2021\/11\/e6d1c0da-3ce8-419d-b1a5-cef6bc26cf2e-1024x768.jpeg\" alt=\"\" class=\"wp-image-54\" srcset=\"https:\/\/gitelamaisonduventoux.fr\/wp-content\/uploads\/2021\/11\/e6d1c0da-3ce8-419d-b1a5-cef6bc26cf2e-1024x768.jpeg 1024w, https:\/\/gitelamaisonduventoux.fr\/wp-content\/uploads\/2021\/11\/e6d1c0da-3ce8-419d-b1a5-cef6bc26cf2e-300x225.jpeg 300w, https:\/\/gitelamaisonduventoux.fr\/wp-content\/uploads\/2021\/11\/e6d1c0da-3ce8-419d-b1a5-cef6bc26cf2e-768x576.jpeg 768w, https:\/\/gitelamaisonduventoux.fr\/wp-content\/uploads\/2021\/11\/e6d1c0da-3ce8-419d-b1a5-cef6bc26cf2e-1140x855.jpeg 1140w, https:\/\/gitelamaisonduventoux.fr\/wp-content\/uploads\/2021\/11\/e6d1c0da-3ce8-419d-b1a5-cef6bc26cf2e.jpeg 1200w\" sizes=\"(max-width: 1024px) 100vw, 1024px\" \/><\/figure>\n<\/figure>\n\n\n\n<p><meta charset=\"utf-8\">Une grande cuisine conviviale et sa pi\u00e8ce \u00e0 vivre vous promettent des moments de partage au sein de notre mas. <\/p>\n\n\n\n<figure class=\"wp-block-gallery has-nested-images columns-default is-cropped wp-block-gallery-3 is-layout-flex wp-block-gallery-is-layout-flex\">\n<figure class=\"wp-block-image size-large\"><img loading=\"lazy\" decoding=\"async\" width=\"1024\" height=\"768\" data-id=\"124\" src=\"https:\/\/gitelamaisonduventoux.fr\/wp-content\/uploads\/2021\/11\/FA7E6496-2A02-4BC0-8010-627FB6EE131B_1_105_c.jpeg\" alt=\"\" class=\"wp-image-124\" srcset=\"https:\/\/gitelamaisonduventoux.fr\/wp-content\/uploads\/2021\/11\/FA7E6496-2A02-4BC0-8010-627FB6EE131B_1_105_c.jpeg 1024w, https:\/\/gitelamaisonduventoux.fr\/wp-content\/uploads\/2021\/11\/FA7E6496-2A02-4BC0-8010-627FB6EE131B_1_105_c-300x225.jpeg 300w, https:\/\/gitelamaisonduventoux.fr\/wp-content\/uploads\/2021\/11\/FA7E6496-2A02-4BC0-8010-627FB6EE131B_1_105_c-768x576.jpeg 768w\" sizes=\"(max-width: 1024px) 100vw, 1024px\" \/><\/figure>\n\n\n\n<figure class=\"wp-block-image size-large\"><img loading=\"lazy\" decoding=\"async\" width=\"1024\" height=\"768\" data-id=\"126\" src=\"https:\/\/gitelamaisonduventoux.fr\/wp-content\/uploads\/2021\/11\/27282988-51C6-4188-B778-069417569FB4_1_105_c.jpeg\" alt=\"\" class=\"wp-image-126\" srcset=\"https:\/\/gitelamaisonduventoux.fr\/wp-content\/uploads\/2021\/11\/27282988-51C6-4188-B778-069417569FB4_1_105_c.jpeg 1024w, https:\/\/gitelamaisonduventoux.fr\/wp-content\/uploads\/2021\/11\/27282988-51C6-4188-B778-069417569FB4_1_105_c-300x225.jpeg 300w, https:\/\/gitelamaisonduventoux.fr\/wp-content\/uploads\/2021\/11\/27282988-51C6-4188-B778-069417569FB4_1_105_c-768x576.jpeg 768w\" sizes=\"(max-width: 1024px) 100vw, 1024px\" \/><\/figure>\n\n\n\n<figure class=\"wp-block-image size-large\"><img loading=\"lazy\" decoding=\"async\" width=\"1024\" height=\"768\" data-id=\"127\" src=\"https:\/\/gitelamaisonduventoux.fr\/wp-content\/uploads\/2021\/11\/3DBABA99-CD45-4BC0-8DBE-8DF2EB401887_1_105_c.jpeg\" alt=\"\" class=\"wp-image-127\" srcset=\"https:\/\/gitelamaisonduventoux.fr\/wp-content\/uploads\/2021\/11\/3DBABA99-CD45-4BC0-8DBE-8DF2EB401887_1_105_c.jpeg 1024w, https:\/\/gitelamaisonduventoux.fr\/wp-content\/uploads\/2021\/11\/3DBABA99-CD45-4BC0-8DBE-8DF2EB401887_1_105_c-300x225.jpeg 300w, https:\/\/gitelamaisonduventoux.fr\/wp-content\/uploads\/2021\/11\/3DBABA99-CD45-4BC0-8DBE-8DF2EB401887_1_105_c-768x576.jpeg 768w\" sizes=\"(max-width: 1024px) 100vw, 1024px\" \/><\/figure>\n\n\n\n<figure class=\"wp-block-image size-large\"><img loading=\"lazy\" decoding=\"async\" width=\"1024\" height=\"768\" data-id=\"128\" src=\"https:\/\/gitelamaisonduventoux.fr\/wp-content\/uploads\/2021\/11\/537775A6-9CEE-414A-96AF-F1B96C6DB039_1_105_c.jpeg\" alt=\"\" class=\"wp-image-128\" srcset=\"https:\/\/gitelamaisonduventoux.fr\/wp-content\/uploads\/2021\/11\/537775A6-9CEE-414A-96AF-F1B96C6DB039_1_105_c.jpeg 1024w, https:\/\/gitelamaisonduventoux.fr\/wp-content\/uploads\/2021\/11\/537775A6-9CEE-414A-96AF-F1B96C6DB039_1_105_c-300x225.jpeg 300w, https:\/\/gitelamaisonduventoux.fr\/wp-content\/uploads\/2021\/11\/537775A6-9CEE-414A-96AF-F1B96C6DB039_1_105_c-768x576.jpeg 768w\" sizes=\"(max-width: 1024px) 100vw, 1024px\" \/><\/figure>\n\n\n\n<figure class=\"wp-block-image size-large\"><img loading=\"lazy\" decoding=\"async\" width=\"1024\" height=\"768\" data-id=\"129\" src=\"https:\/\/gitelamaisonduventoux.fr\/wp-content\/uploads\/2021\/11\/5AC3C130-C6A0-4163-995E-8F9A823DB85C_1_105_c.jpeg\" alt=\"\" class=\"wp-image-129\" srcset=\"https:\/\/gitelamaisonduventoux.fr\/wp-content\/uploads\/2021\/11\/5AC3C130-C6A0-4163-995E-8F9A823DB85C_1_105_c.jpeg 1024w, https:\/\/gitelamaisonduventoux.fr\/wp-content\/uploads\/2021\/11\/5AC3C130-C6A0-4163-995E-8F9A823DB85C_1_105_c-300x225.jpeg 300w, https:\/\/gitelamaisonduventoux.fr\/wp-content\/uploads\/2021\/11\/5AC3C130-C6A0-4163-995E-8F9A823DB85C_1_105_c-768x576.jpeg 768w\" sizes=\"(max-width: 1024px) 100vw, 1024px\" \/><\/figure>\n<\/figure>\n\n\n\n<p>Afin d&#8217;embellir votre s\u00e9jour, notre g\u00eete vous propose diverses prestations sur place : <\/p>\n<\/div>\n<\/div>\n\n\n\n<ul class=\"wp-block-list\">\n<li>Un acc\u00e8s \u00e0 notre centre \u00e9questre pour des promenades ou des cours particuliers<\/li>\n\n\n\n<li>La Wifi<\/li>\n\n\n\n<li>La t\u00e9l\u00e9vision avec la TNT avec la fibre<\/li>\n\n\n\n<li>La climatisation<\/li>\n\n\n\n<li>Un espace de travail<\/li>\n<\/ul>\n\n\n\n<p>Proche de Courth\u00e9zon et de ses commodit\u00e9s, vous pourrez b\u00e9n\u00e9ficier d&rsquo;une livraison \u00e0 domicile des repas. <\/p>\n\n\n\n<p>Les animaux de compagnie sont les bienvenues \u00e0 condition de les signaler lors de votre r\u00e9servation.<\/p>\n\n\n\n<p><\/p>\n","protected":false},"excerpt":{"rendered":"<p>Notre mas proven\u00e7al est id\u00e9alement situ\u00e9 au pied du Ventoux (30 minutes). Un grand jardin privatif avec sa piscine, son boulodrome, sa cuisine d&rsquo;\u00e9t\u00e9 et son mini golf vous attendent : La maison peut accueillir jusqu&rsquo;\u00e0 quinze personnes, offrant cinq chambres et quatre salles d&rsquo;eau : Chambre n\u00b01 : trois lits simples 90*190cm (salle d&rsquo;eau avec wc commune \u00e0 la chambre n\u00b02) Chambre n\u00b02 : trois lits simples 90*190cm (salle d&rsquo;eau avec wc commune \u00e0 la chambre n\u00b01) Chambre n\u00b03 : un lit double 140*190cm et un lit simple 90*190cm (salle d&rsquo;eau avec wc attenante) Chambre n\u00b04 : trois lits simples 90*190cm (salle d&rsquo;eau avec wc attenante) Chambre n\u00b05 : un lit double 140*190cm ( salle d&rsquo;eau avec wc attenante) Pi\u00e8ce \u00e0 vivre : un convertible 140*190cm (salle d&rsquo;eau avec wc commune \u00e0 la chambre n\u00b05) Une grande cuisine conviviale et sa pi\u00e8ce \u00e0 vivre vous promettent des moments de partage au sein de notre mas. Afin d&#8217;embellir votre s\u00e9jour, notre g\u00eete vous propose diverses prestations sur place : Proche de Courth\u00e9zon et de ses commodit\u00e9s, vous pourrez b\u00e9n\u00e9ficier d&rsquo;une livraison \u00e0 domicile des repas. Les animaux de compagnie sont les bienvenues \u00e0 condition de les signaler lors de votre r\u00e9servation.<\/p>\n","protected":false},"author":1,"featured_media":0,"parent":0,"menu_order":0,"comment_status":"closed","ping_status":"closed","template":"","meta":{"footnotes":""},"class_list":["post-78","page","type-page","status-publish","hentry"],"_links":{"self":[{"href":"https:\/\/gitelamaisonduventoux.fr\/index.php?rest_route=\/wp\/v2\/pages\/78","targetHints":{"allow":["GET"]}}],"collection":[{"href":"https:\/\/gitelamaisonduventoux.fr\/index.php?rest_route=\/wp\/v2\/pages"}],"about":[{"href":"https:\/\/gitelamaisonduventoux.fr\/index.php?rest_route=\/wp\/v2\/types\/page"}],"author":[{"embeddable":true,"href":"https:\/\/gitelamaisonduventoux.fr\/index.php?rest_route=\/wp\/v2\/users\/1"}],"replies":[{"embeddable":true,"href":"https:\/\/gitelamaisonduventoux.fr\/index.php?rest_route=%2Fwp%2Fv2%2Fcomments&post=78"}],"version-history":[{"count":10,"href":"https:\/\/gitelamaisonduventoux.fr\/index.php?rest_route=\/wp\/v2\/pages\/78\/revisions"}],"predecessor-version":[{"id":1453,"href":"https:\/\/gitelamaisonduventoux.fr\/index.php?rest_route=\/wp\/v2\/pages\/78\/revisions\/1453"}],"wp:attachment":[{"href":"https:\/\/gitelamaisonduventoux.fr\/index.php?rest_route=%2Fwp%2Fv2%2Fmedia&parent=78"}],"curies":[{"name":"wp","href":"https:\/\/api.w.org\/{rel}","templated":true}]}}